{"id":24,"date":"2024-06-24T14:32:04","date_gmt":"2024-06-24T14:32:04","guid":{"rendered":"https:\/\/quantumminilabs.de\/?page_id=24"},"modified":"2024-06-24T14:32:04","modified_gmt":"2024-06-24T14:32:04","slug":"datenschutzerklaerung","status":"publish","type":"page","link":"https:\/\/quantumminilabs.de\/en\/datenschutzerklaerung\/","title":{"rendered":"Data privacy policy"},"content":{"rendered":"<p>Wir nehmen den Schutz Ihrer pers\u00f6nlichen Daten sehr ernst und halten uns strikt an die Vorgaben des Datenschutzes. Die nachfolgende Erkl\u00e4rung gibt Ihnen einen \u00dcberblick dar\u00fcber, wie wir diesen Schutz gew\u00e4hrleisten und welche Art von Daten zu welchem Zweck erhoben werden.<\/p>\n\n\n\n<p>Information \u00fcber die Erhebung personenbezogener Daten<\/p>\n\n\n\n<p>(1) Im Folgenden informieren wir \u00fcber die Erhebung personenbezogener Daten bei Nutzung unserer Website. Personenbezogene Daten sind alle Daten, die auf Sie pers\u00f6nlich beziehbar sind, z.\u2009B. Name, Adresse, E-Mail-Adressen, Nutzerverhalten.<\/p>\n\n\n\n<p>(2) Verantwortlicher gem. Art. 4 Nr. 7&nbsp; EU-Datenschutz-Grundverordnung (DS-GVO) ist:<br>Ruhr West University of Applied Sciences<br>Duisburger Stra\u00dfe 100<br>45479 M\u00fclheim an der Ruhr<br>Phone: +49 (0)208 882 54 -0<br>Fax: (+49)208 882 54 -109<br>e-mail: info@hs-ruhrwest.de&nbsp;<\/p>\n\n\n\n<p>The Ruhr West University of Applied Sciences (HRW) is in accordance with \u00a7 2 para. 1 sentence 1 i. V. m. \u00a7 1 Absatz 2 Satz 2 Nr. 14 des Gesetzes \u00fcber die Hochschulen des Landes Nordrhein-Westfalen (HG NRW) a public corporation with legal capacity supported by the state.<\/p>\n\n\n\n<p>Vertretung der Hochschule nach au\u00dfen:<br>Prof. Dr.-Ing. Susanne Staude (Pr\u00e4sidentin)<\/p>\n\n\n\n<p>Kontaktdaten des Datenschutzbeauftragten:<br>Der Datenschutzbeauftragte des Verantwortlichen ist<br>Lukas Raimund Urbanowicz<br>Datenschutzbeauftragter<br>Duisburger Str. 100, Geb\u00e4ude 03<br>45479 M\u00fclheim an der Ruhr<br>Telefon: +49 (0)208 88254-199<br>Fax: +49 (0)208 88254-239<br>E-Mail: datenschutz@hs-ruhrwest.de<\/p>\n\n\n\n<p>(3) Bei Ihrer Kontaktaufnahme mit uns per E-Mail oder \u00fcber ein Kontaktformular werden die von Ihnen mitgeteilten Daten (Ihre E-Mail-Adresse, ggf. Ihr Name) von uns gespeichert, um Ihre Fragen zu beantworten. Die Angabe weiterer Informationen ist freiwillig und erleichtert uns lediglich die Kontaktaufnahme zur Beantwortung Ihrer Anfrage. Die in diesem Zusammenhang anfallenden Daten l\u00f6schen wir, nachdem die Speicherung nicht mehr erforderlich ist, oder schr\u00e4nken die Verarbeitung ein, falls gesetzliche Aufbewahrungspflichten bestehen.<\/p>\n\n\n\n<p>(4) Falls wir f\u00fcr einzelne Funktionen unseres Angebots auf beauftragte Dienstleister zur\u00fcckgreifen oder Ihre Daten f\u00fcr werbliche Zwecke nutzen m\u00f6chten, werden wir Sie untenstehend im Detail \u00fcber die jeweiligen Vorg\u00e4nge informieren. Dabei nennen wir auch die festgelegten Kriterien der Speicherdauer.<\/p>\n\n\n\n<p>(1) Sie haben gegen\u00fcber uns folgende Rechte hinsichtlich der Sie betreffenden personenbezogenen Daten:<br>\u2022&nbsp;&nbsp;&nbsp; Recht auf Auskunft,<br>\u2022&nbsp;&nbsp;&nbsp; Recht auf Berichtigung oder L\u00f6schung,<br>\u2022&nbsp;&nbsp;&nbsp; Recht auf Einschr\u00e4nkung der Verarbeitung,<br>\u2022&nbsp;&nbsp;&nbsp; Recht auf Widerspruch gegen die Verarbeitung,<br>\u2022&nbsp;&nbsp;&nbsp; Recht auf Daten\u00fcbertragbarkeit.<\/p>\n\n\n\n<p>(2) Sie haben zudem das Recht, sich bei einer Datenschutz-Aufsichtsbeh\u00f6rde \u00fcber die Verarbeitung Ihrer personenbezogenen Daten durch uns zu beschweren.<br>Landesbeauftragte f\u00fcr Datenschutz und Informationsfreiheit Nordrhein-Westfalen<br>&nbsp;Kavalleriestr. 2-4<br>&nbsp;40213 D\u00fcsseldorf<br>&nbsp;Telefon: 0211\/38424-0<br>&nbsp;Fax: 0211\/38424-10<br>&nbsp;E-Mail: poststelle@ldi.nrw.de<\/p>\n\n\n\n<p>(1) Bei der blo\u00df informatorischen Nutzung der Website, also wenn Sie sich nicht registrieren oder uns anderweitig Informationen \u00fcbermitteln, erheben wir nur die personenbezogenen Daten, die Ihr Browser an unseren Server \u00fcbermittelt. Wenn Sie unsere Website betrachten m\u00f6chten, erheben wir die folgenden Daten, die f\u00fcr uns technisch erforderlich sind, um Ihnen unsere Website anzuzeigen und die Stabilit\u00e4t und Sicherheit zu gew\u00e4hrleisten (Rechtsgrundlage ist Art. 6 Abs. 1 S. 1 lit. f DS-GVO):<br>\u2022&nbsp;&nbsp;&nbsp; IP-Adresse<br>\u2022&nbsp;&nbsp;&nbsp; Datum und Uhrzeit der Anfrage<br>\u2022&nbsp;&nbsp;&nbsp; Zeitzonendifferenz zur Greenwich Mean Time (GMT)<br>\u2022&nbsp;&nbsp;&nbsp; Inhalt der Anforderung (konkrete Seite)<br>\u2022&nbsp;&nbsp;&nbsp; Zugriffsstatus\/HTTP-Statuscode<br>\u2022&nbsp;&nbsp;&nbsp; jeweils \u00fcbertragene Datenmenge<br>\u2022&nbsp;&nbsp;&nbsp; Website, von der die Anforderung kommt<br>\u2022&nbsp;&nbsp;&nbsp; Browser<br>\u2022&nbsp;&nbsp;&nbsp; Betriebssystem und dessen Oberfl\u00e4che<br>\u2022&nbsp;&nbsp;&nbsp; Sprache und Version der Browsersoftware.<\/p>\n\n\n\n<p>(2) Zus\u00e4tzlich zu den zuvor genannten Daten werden bei Ihrer Nutzung unserer Website Cookies auf Ihrem Rechner gespeichert. Bei Cookies handelt es sich um kleine Textdateien, die auf Ihrer Festplatte dem von Ihnen verwendeten Browser zugeordnet gespeichert werden und durch welche der Stelle, die den Cookie setzt (hier durch uns), bestimmte Informationen zuflie\u00dfen. Cookies k\u00f6nnen keine Programme ausf\u00fchren oder Viren auf Ihren Computer \u00fcbertragen. Sie dienen dazu, das Internetangebot insgesamt nutzerfreundlicher und effektiver zu machen.<\/p>\n\n\n\n<p>(3) Einsatz von Cookies:<br>a) Diese Website nutzt folgende Arten von Cookies, deren Umfang und Funktionsweise im Folgenden erl\u00e4utert werden:<br>\u2022\u00a0\u00a0\u00a0 Transiente Cookies (dazu b)<br>\u2022\u00a0\u00a0\u00a0 Persistente Cookies (dazu c).<\/p>\n\n\n\n<p>b)&nbsp; Transiente Cookies werden automatisiert gel\u00f6scht, wenn Sie den Browser schlie\u00dfen. Dazu z\u00e4hlen insbesondere die Session-Cookies. Diese speichern eine sogenannte Session-ID, mit welcher sich verschiedene Anfragen Ihres Browsers der gemeinsamen Sitzung zuordnen lassen. Dadurch kann Ihr Rechner wiedererkannt werden, wenn Sie auf unsere Website zur\u00fcckkehren. Die Session-Cookies werden gel\u00f6scht, wenn Sie sich ausloggen oder den Browser schlie\u00dfen.<\/p>\n\n\n\n<p>c) Persistente Cookies werden automatisiert nach einer vorgegebenen Dauer gel\u00f6scht, die sich je nach Cookie unterscheiden kann. Sie k\u00f6nnen die Cookies in den Sicherheitseinstellungen Ihres Browsers jederzeit l\u00f6schen.<\/p>\n\n\n\n<p>d) Sie k\u00f6nnen Ihre Browser-Einstellung entsprechend Ihren W\u00fcnschen konfigurieren und z.\u2009B. die Annahme von Third-Party-Cookies oder allen Cookies ablehnen. Wir weisen Sie darauf hin, dass Sie eventuell nicht alle Funktionen dieser Website nutzen k\u00f6nnen.<\/p>\n\n\n\n<p>(1) Neben der rein informatorischen Nutzung unserer Website bieten wir verschiedene Leistungen an, die Sie bei Interesse nutzen k\u00f6nnen. Dazu m\u00fcssen Sie in der Regel weitere personenbezogene Daten angeben, die wir zur Erbringung der jeweiligen Leistung nutzen und f\u00fcr die die zuvor genannten Grunds\u00e4tze zur Datenverarbeitung gelten.<\/p>\n\n\n\n<p>(2) Teilweise bedienen wir uns zur Verarbeitung Ihrer Daten externer Dienstleister. Diese wurden von uns sorgf\u00e4ltig ausgew\u00e4hlt und beauftragt, sind an unsere Weisungen gebunden und werden regelm\u00e4\u00dfig kontrolliert.<\/p>\n\n\n\n<p>(3) Weiterhin k\u00f6nnen wir Ihre personenbezogenen Daten an Dritte weitergeben, wenn Aktionsteilnahmen, Gewinnspiele, Vertragsabschl\u00fcsse oder \u00e4hnliche Leistungen von uns gemeinsam mit Partnern angeboten werden. N\u00e4here Informationen hierzu erhalten Sie bei Angabe Ihrer personenbezogenen Daten oder untenstehend in der Beschreibung des Angebotes.<\/p>\n\n\n\n<p>(4) Soweit unsere Dienstleister oder Partner ihren Sitz in einem Staat au\u00dferhalb des Europ\u00e4ischen Wirtschaftsraumen (EWR) haben, informieren wir Sie \u00fcber die Folgen dieses Umstands in der Beschreibung des Angebotes.<\/p>\n\n\n\n<p>(1) Falls Sie eine Einwilligung zur Verarbeitung Ihrer Daten erteilt haben, k\u00f6nnen Sie diese jederzeit widerrufen. Ein solcher Widerruf beeinflusst die Zul\u00e4ssigkeit der Verarbeitung Ihrer personenbezogenen Daten, nachdem Sie ihn gegen\u00fcber uns ausgesprochen haben.<\/p>\n\n\n\n<p>(2) Soweit wir die Verarbeitung Ihrer personenbezogenen Daten auf die Interessenabw\u00e4gung st\u00fctzen, k\u00f6nnen Sie Widerspruch gegen die Verarbeitung einlegen. Dies ist der Fall, wenn die Verarbeitung insbesondere nicht zur Erf\u00fcllung eines Vertrags mit Ihnen erforderlich ist, was von uns jeweils bei der nachfolgenden Beschreibung der Funktionen dargestellt wird. Bei Aus\u00fcbung eines solchen Widerspruchs bitten wir um Darlegung der Gr\u00fcnde, weshalb wir Ihre personenbezogenen Daten nicht wie von uns durchgef\u00fchrt verarbeiten sollten. Im Falle Ihres begr\u00fcndeten Widerspruchs pr\u00fcfen wir die Sachlage und werden entweder die Datenverarbeitung einstellen bzw. anpassen oder Ihnen unsere zwingenden schutzw\u00fcrdigen Gr\u00fcnde aufzeigen, aufgrund derer wir die Verarbeitung fortf\u00fchren.<\/p>\n\n\n\n<p>(3) Selbstverst\u00e4ndlich k\u00f6nnen Sie der Verarbeitung Ihrer personenbezogenen Daten f\u00fcr Zwecke der Werbung und Datenanalyse jederzeit widersprechen. \u00dcber Ihren Werbewiderspruch k\u00f6nnen Sie uns unter folgenden Kontaktdaten informieren: Referat Kommunikation &amp; PR<br>webmaster hs-ruhrwest&nbsp;\u201e\u00ab@&amp;.de<\/p>\n\n\n\n<p>Die Hochschule Ruhr West ist darin bestrebt, die Kontaktpflege sowie den Austausch mit ihren Absolvent:innen als Angeh\u00f6rige der Hochschule zu pflegen. In diesem Zusammenhang wird eine Datenbank mit den zur Anmeldung erhobenen Daten der Absolvent:innen der Hochschule erstellt. Die Hochschule Ruhr West erkl\u00e4rt, dass sie in diesem Zusammenhang nach den Vorschriften des Landesdatenschutzgesetzes (DSG NRW) und allen anderen datenschutzrechtlichen Bestimmungen handelt. Dabei gilt insbesondere:<\/p>\n\n\n\n<ul class=\"wp-block-list\">\n<li>Es erfolgt keine Weitergabe von personenbezogenen Daten an Dritte.<\/li>\n\n\n\n<li>Ihre Kontaktdaten werden nur im Zusammenhang mit den o. g. Vorhaben seitens der Hochschule genutzt.<\/li>\n<\/ul>\n\n\n\n<p>Mit der Anmeldung erkl\u00e4ren Sie sich damit einverstanden, dass die Hochschule Ruhr West die von Ihnen zur Verf\u00fcgung gestellten Daten f\u00fcr die Zwecke der Alumni-Arbeit nutzen darf. Sie willigen ein, dass die von Ihnen zur Verf\u00fcgung gestellte E-Mail-Adresse von der Hochschule Ruhr West zum Zweck der Kontaktaufnahme genutzt werden darf. Sie k\u00f6nnen Ihr Einverst\u00e4ndnis per E-Mail an alumni hs-ruhrwest&nbsp;\u201e\u00ab@&amp;.de jederzeit mit Wirkung f\u00fcr die Zukunft widerrufen.&nbsp;<\/p>\n\n\n\n<p>(1) Wenn Sie in unserem Webshop bestellen m\u00f6chten, ist es f\u00fcr den Vertragsabschluss erforderlich, dass Sie Ihre pers\u00f6nlichen Daten angeben, die wir f\u00fcr die Abwicklung Ihrer Bestellung ben\u00f6tigen. F\u00fcr die Abwicklung der Vertr\u00e4ge notwendige Pflichtangaben sind gesondert markiert, weitere Angaben sind freiwillig. Die von Ihnen angegebenen Daten verarbeiten wir zur Abwicklung Ihrer Bestellung. Dazu k\u00f6nnen wir Ihre Zahlungsdaten an unsere Hausbank weitergeben. Rechtsgrundlage hierf\u00fcr ist Art. 6 Abs. 1 S. 1 lit. b DS-GVO.<\/p>\n\n\n\n<p>Wir k\u00f6nnen die von Ihnen angegebenen Daten zudem verarbeiten, um Sie \u00fcber weitere interessante Produkte aus unserem Portfolio zu informieren oder Ihnen E-Mails mit technischen Informationen zukommen lassen.<\/p>\n\n\n\n<p>(2) Wir sind aufgrund handels- und steuerrechtlicher Vorgaben verpflichtet, Ihre Adress-, Zahlungs- und Bestelldaten f\u00fcr die Dauer von zehn Jahren zu speichern. Allerdings nehmen wir nach [zwei Jahren] eine Einschr\u00e4nkung der Verarbeitung vor, d.\u2009h. Ihre Daten werden nur zur Einhaltung der gesetzlichen Verpflichtungen eingesetzt.<\/p>\n\n\n\n<p>(3) Zur Verhinderung unberechtigter Zugriffe Dritter auf Ihre pers\u00f6nlichen Daten, insbesondere Finanzdaten, wird der Bestellvorgang per TLS-Technik verschl\u00fcsselt.<\/p>\n\n\n\n<p>(1) Mit Ihrer Einwilligung k\u00f6nnen Sie unseren CleverReach-Newsletter abonnieren, mit dem wir Sie \u00fcber unsere aktuellen interessanten Angebote informieren. Die beworbenen Waren und Dienstleistungen sind in der Einwilligungserkl\u00e4rung benannt.<\/p>\n\n\n\n<p>(2) F\u00fcr die Anmeldung zu unserem Newsletter verwenden wir das sog. Double-opt-in-Verfahren. Das hei\u00dft, dass wir Ihnen nach Ihrer Anmeldung eine E-Mail an die angegebene E-Mail-Adresse senden, in welcher wir Sie um Best\u00e4tigung bitten, dass Sie den Versand des Newsletters w\u00fcnschen. Wenn Sie Ihre Anmeldung nicht innerhalb von [24 Stunden] best\u00e4tigen, werden Ihre Informationen gesperrt und nach einem Monat automatisch gel\u00f6scht. Dar\u00fcber hinaus speichern wir jeweils Ihre eingesetzten IP-Adressen und Zeitpunkte der Anmeldung und Best\u00e4tigung. Zweck des Verfahrens ist, Ihre Anmeldung nachweisen und ggf. einen m\u00f6glichen Missbrauch Ihrer pers\u00f6nlichen Daten aufkl\u00e4ren zu k\u00f6nnen.<\/p>\n\n\n\n<p>(3) Pflichtangabe f\u00fcr die \u00dcbersendung des Newsletters ist allein Ihre E-Mail-Adresse. Die Angabe weiterer, gesondert markierter Daten ist freiwillig und wird verwendet, um Sie pers\u00f6nlich ansprechen zu k\u00f6nnen. Nach Ihrer Best\u00e4tigung speichern wir Ihre E-Mail-Adresse zum Zweck der Zusendung des Newsletters. Rechtsgrundlage ist Art. 6 Abs. 1 S. 1 lit. a DS-GVO.<\/p>\n\n\n\n<p>(4) Ihre Einwilligung in die \u00dcbersendung des Newsletters k\u00f6nnen Sie jederzeit widerrufen und den Newsletter abbestellen. Den Widerruf k\u00f6nnen Sie durch Klick auf den in jeder Newsletter-E-Mail bereitgestellten Link <a href=\"http:\/\/87825.seu1.cleverreach.com\/f\/87825-162422\/wwu\/\">http:\/\/87825.seu1.cleverreach.com\/f\/87825-162422\/wwu\/<\/a>&nbsp; oder durch eine Nachricht an die im Impressum angegebenen Kontaktdaten erkl\u00e4ren.<\/p>\n\n\n\n<p>Verwendung von Webfonts<br>Auf diesen Internetseiten werden externe Schriften, Google Fonts verwendet. Google Fonts ist ein Dienst der Google Inc. (\u201eGoogle\u201c). Die Einbindung dieser Web Fonts erfolgt durch einen Serveraufruf, in der Regel ein Server von Google in den USA. Hierdurch wird an den Server \u00fcbermittelt, welche unserer Internetseiten Sie besucht haben. Auch wird die IP-Adresse des Browsers des Endger\u00e4tes des Besuchers dieser Internetseiten von Google gespeichert.<\/p>\n\n\n\n<p>N\u00e4here Informationen finden Sie in den Datenschutzhinweisen von Google, die Sie hier abrufen k\u00f6nnen:<br><a href=\"http:\/\/www.google.com\/fonts#AboutPlace:about\">www.google.com\/fonts<\/a><br><a href=\"http:\/\/www.google.com\/policies\/privacy\/\">www.google.com\/policies\/privacy\/<\/a><\/p>\n\n\n\n<p>Diese Webseite benutzt Google Analytics, einen Webanalysedienst der Google Inc. (\u201eGoogle\u201c). Google Analytics verwendet sog. \u201eCookies\u201c, Textdateien, die auf Ihrem Computer gespeichert werden und die eine Analyse der Benutzung der Webseite durch Sie erm\u00f6glichen. Die durch den Cookie erzeugten Informationen \u00fcber Ihre Benutzung dieser Webseite (einschlie\u00dflich Ihrer IP-Adresse) werden an einen Server von Google in den USA \u00fcbertragen und dort gespeichert. Google wird diese Informationen benutzen, um Ihre Nutzung der Webseite auszuwerten, um Reports \u00fcber die Webseitenaktivit\u00e4ten f\u00fcr die Webseitenbetreiber zusammenzustellen und um weitere mit der Websitenutzung und der Internetnutzung verbundene Dienstleistungen zu erbringen. Auch wird Google diese Informationen gegebenenfalls an Dritte \u00fcbertragen, sofern dies gesetzlich vorgeschrieben oder soweit Dritte diese Daten im Auftrag von Google verarbeiten. Google wird in keinem Fall Ihre IP-Adresse mit anderen Daten von Google in Verbindung bringen. Sie k\u00f6nnen die Installation der Cookies durch eine entsprechende Einstellung Ihrer Browser Software verhindern; wir weisen Sie jedoch darauf hin, dass Sie in diesem Fall gegebenenfalls nicht s\u00e4mtliche Funktionen dieser Website vollumf\u00e4nglich nutzen k\u00f6nnen. Durch die Nutzung dieser Webseite erkl\u00e4ren Sie sich mit der Bearbeitung der \u00fcber Sie erhobenen Daten durch Google in der zuvor beschriebenen Art und Weise und zu dem zuvor benannten Zweck einverstanden.<br>Der Erhebung und Nutzung Ihrer IP-Adresse durch Google Analytics k\u00f6nnen Sie jederzeit mit Wirkung f\u00fcr die Zukunft widersprechen. N\u00e4here Informationen hierzu finden Sie unter&nbsp;<a href=\"http:\/\/tools.google.com\/dlpage\/gaoptout?hl=de\">http:\/\/tools.google.com\/dlpage\/gaoptout?hl=de<\/a>. Wir weisen Sie darauf hin, dass auf dieser Webseite Google Analytics um den Code \u201egat._anonymizeIp();\u201c erweitert wurde, um eine&nbsp;anonymisierte Erfassung von IP-Adressen&nbsp;zu gew\u00e4hrleisten.<\/p>","protected":false},"excerpt":{"rendered":"<p>Wir nehmen den Schutz Ihrer pers\u00f6nlichen Daten sehr ernst und halten uns strikt an die Vorgaben des Datenschutzes. Die nachfolgende Erkl\u00e4rung gibt Ihnen einen \u00dcberblick dar\u00fcber, wie wir diesen Schutz [&hellip;]<\/p>","protected":false},"author":2,"featured_media":0,"parent":0,"menu_order":0,"comment_status":"closed","ping_status":"closed","template":"","meta":{"footnotes":""},"folder":[],"class_list":["post-24","page","type-page","status-publish","czr-hentry"],"yoast_head":"<!-- This site is optimized with the Yoast SEO plugin v27.2 - https:\/\/yoast.com\/product\/yoast-seo-wordpress\/ -->\n<title>Datenschutzerkl\u00e4rung - Quantum MiniLabs<\/title>\n<meta name=\"robots\" content=\"index, follow, max-snippet:-1, max-image-preview:large, max-video-preview:-1\" \/>\n<link rel=\"canonical\" href=\"https:\/\/quantumminilabs.de\/en\/datenschutzerklaerung\/\" \/>\n<meta property=\"og:locale\" content=\"en_GB\" \/>\n<meta property=\"og:type\" content=\"article\" \/>\n<meta property=\"og:title\" content=\"Datenschutzerkl\u00e4rung - Quantum MiniLabs\" \/>\n<meta property=\"og:description\" content=\"Wir nehmen den Schutz Ihrer pers\u00f6nlichen Daten sehr ernst und halten uns strikt an die Vorgaben des Datenschutzes. Die nachfolgende Erkl\u00e4rung gibt Ihnen einen \u00dcberblick dar\u00fcber, wie wir diesen Schutz [&hellip;]\" \/>\n<meta property=\"og:url\" content=\"https:\/\/quantumminilabs.de\/en\/datenschutzerklaerung\/\" \/>\n<meta property=\"og:site_name\" content=\"Quantum MiniLabs\" \/>\n<meta name=\"twitter:card\" content=\"summary_large_image\" \/>\n<meta name=\"twitter:label1\" content=\"Estimated reading time\" \/>\n\t<meta name=\"twitter:data1\" content=\"11 minutes\" \/>\n<script type=\"application\/ld+json\" class=\"yoast-schema-graph\">{\"@context\":\"https:\/\/schema.org\",\"@graph\":[{\"@type\":\"WebPage\",\"@id\":\"https:\/\/quantumminilabs.de\/datenschutzerklaerung\/\",\"url\":\"https:\/\/quantumminilabs.de\/datenschutzerklaerung\/\",\"name\":\"Datenschutzerkl\u00e4rung - Quantum MiniLabs\",\"isPartOf\":{\"@id\":\"https:\/\/quantumminilabs.de\/#website\"},\"datePublished\":\"2024-06-24T14:32:04+00:00\",\"breadcrumb\":{\"@id\":\"https:\/\/quantumminilabs.de\/datenschutzerklaerung\/#breadcrumb\"},\"inLanguage\":\"en-GB\",\"potentialAction\":[{\"@type\":\"ReadAction\",\"target\":[\"https:\/\/quantumminilabs.de\/datenschutzerklaerung\/\"]}]},{\"@type\":\"BreadcrumbList\",\"@id\":\"https:\/\/quantumminilabs.de\/datenschutzerklaerung\/#breadcrumb\",\"itemListElement\":[{\"@type\":\"ListItem\",\"position\":1,\"name\":\"Startseite\",\"item\":\"https:\/\/quantumminilabs.de\/\"},{\"@type\":\"ListItem\",\"position\":2,\"name\":\"Datenschutzerkl\u00e4rung\"}]},{\"@type\":\"WebSite\",\"@id\":\"https:\/\/quantumminilabs.de\/#website\",\"url\":\"https:\/\/quantumminilabs.de\/\",\"name\":\"Quantum MiniLabs\",\"description\":\"\",\"publisher\":{\"@id\":\"https:\/\/quantumminilabs.de\/#organization\"},\"potentialAction\":[{\"@type\":\"SearchAction\",\"target\":{\"@type\":\"EntryPoint\",\"urlTemplate\":\"https:\/\/quantumminilabs.de\/?s={search_term_string}\"},\"query-input\":{\"@type\":\"PropertyValueSpecification\",\"valueRequired\":true,\"valueName\":\"search_term_string\"}}],\"inLanguage\":\"en-GB\"},{\"@type\":\"Organization\",\"@id\":\"https:\/\/quantumminilabs.de\/#organization\",\"name\":\"Quantum MiniLabs\",\"url\":\"https:\/\/quantumminilabs.de\/\",\"logo\":{\"@type\":\"ImageObject\",\"inLanguage\":\"en-GB\",\"@id\":\"https:\/\/quantumminilabs.de\/#\/schema\/logo\/image\/\",\"url\":\"https:\/\/quantumminilabs.de\/wp-content\/uploads\/2025\/06\/cropped-QuantumMinilabs_Logo_F9BF1C.png\",\"contentUrl\":\"https:\/\/quantumminilabs.de\/wp-content\/uploads\/2025\/06\/cropped-QuantumMinilabs_Logo_F9BF1C.png\",\"width\":725,\"height\":214,\"caption\":\"Quantum MiniLabs\"},\"image\":{\"@id\":\"https:\/\/quantumminilabs.de\/#\/schema\/logo\/image\/\"}}]}<\/script>\n<!-- \/ Yoast SEO plugin. -->","yoast_head_json":{"title":"Datenschutzerkl\u00e4rung - Quantum MiniLabs","robots":{"index":"index","follow":"follow","max-snippet":"max-snippet:-1","max-image-preview":"max-image-preview:large","max-video-preview":"max-video-preview:-1"},"canonical":"https:\/\/quantumminilabs.de\/en\/datenschutzerklaerung\/","og_locale":"en_GB","og_type":"article","og_title":"Datenschutzerkl\u00e4rung - Quantum MiniLabs","og_description":"Wir nehmen den Schutz Ihrer pers\u00f6nlichen Daten sehr ernst und halten uns strikt an die Vorgaben des Datenschutzes. Die nachfolgende Erkl\u00e4rung gibt Ihnen einen \u00dcberblick dar\u00fcber, wie wir diesen Schutz [&hellip;]","og_url":"https:\/\/quantumminilabs.de\/en\/datenschutzerklaerung\/","og_site_name":"Quantum MiniLabs","twitter_card":"summary_large_image","twitter_misc":{"Estimated reading time":"11 minutes"},"schema":{"@context":"https:\/\/schema.org","@graph":[{"@type":"WebPage","@id":"https:\/\/quantumminilabs.de\/datenschutzerklaerung\/","url":"https:\/\/quantumminilabs.de\/datenschutzerklaerung\/","name":"Datenschutzerkl\u00e4rung - Quantum MiniLabs","isPartOf":{"@id":"https:\/\/quantumminilabs.de\/#website"},"datePublished":"2024-06-24T14:32:04+00:00","breadcrumb":{"@id":"https:\/\/quantumminilabs.de\/datenschutzerklaerung\/#breadcrumb"},"inLanguage":"en-GB","potentialAction":[{"@type":"ReadAction","target":["https:\/\/quantumminilabs.de\/datenschutzerklaerung\/"]}]},{"@type":"BreadcrumbList","@id":"https:\/\/quantumminilabs.de\/datenschutzerklaerung\/#breadcrumb","itemListElement":[{"@type":"ListItem","position":1,"name":"Startseite","item":"https:\/\/quantumminilabs.de\/"},{"@type":"ListItem","position":2,"name":"Datenschutzerkl\u00e4rung"}]},{"@type":"WebSite","@id":"https:\/\/quantumminilabs.de\/#website","url":"https:\/\/quantumminilabs.de\/","name":"Quantum MiniLabs","description":"","publisher":{"@id":"https:\/\/quantumminilabs.de\/#organization"},"potentialAction":[{"@type":"SearchAction","target":{"@type":"EntryPoint","urlTemplate":"https:\/\/quantumminilabs.de\/?s={search_term_string}"},"query-input":{"@type":"PropertyValueSpecification","valueRequired":true,"valueName":"search_term_string"}}],"inLanguage":"en-GB"},{"@type":"Organization","@id":"https:\/\/quantumminilabs.de\/#organization","name":"Quantum MiniLabs","url":"https:\/\/quantumminilabs.de\/","logo":{"@type":"ImageObject","inLanguage":"en-GB","@id":"https:\/\/quantumminilabs.de\/#\/schema\/logo\/image\/","url":"https:\/\/quantumminilabs.de\/wp-content\/uploads\/2025\/06\/cropped-QuantumMinilabs_Logo_F9BF1C.png","contentUrl":"https:\/\/quantumminilabs.de\/wp-content\/uploads\/2025\/06\/cropped-QuantumMinilabs_Logo_F9BF1C.png","width":725,"height":214,"caption":"Quantum MiniLabs"},"image":{"@id":"https:\/\/quantumminilabs.de\/#\/schema\/logo\/image\/"}}]}},"_links":{"self":[{"href":"https:\/\/quantumminilabs.de\/en\/wp-json\/wp\/v2\/pages\/24","targetHints":{"allow":["GET"]}}],"collection":[{"href":"https:\/\/quantumminilabs.de\/en\/wp-json\/wp\/v2\/pages"}],"about":[{"href":"https:\/\/quantumminilabs.de\/en\/wp-json\/wp\/v2\/types\/page"}],"author":[{"embeddable":true,"href":"https:\/\/quantumminilabs.de\/en\/wp-json\/wp\/v2\/users\/2"}],"replies":[{"embeddable":true,"href":"https:\/\/quantumminilabs.de\/en\/wp-json\/wp\/v2\/comments?post=24"}],"version-history":[{"count":1,"href":"https:\/\/quantumminilabs.de\/en\/wp-json\/wp\/v2\/pages\/24\/revisions"}],"predecessor-version":[{"id":25,"href":"https:\/\/quantumminilabs.de\/en\/wp-json\/wp\/v2\/pages\/24\/revisions\/25"}],"wp:attachment":[{"href":"https:\/\/quantumminilabs.de\/en\/wp-json\/wp\/v2\/media?parent=24"}],"wp:term":[{"taxonomy":"folder","embeddable":true,"href":"https:\/\/quantumminilabs.de\/en\/wp-json\/wp\/v2\/folder?post=24"}],"curies":[{"name":"wp","href":"https:\/\/api.w.org\/{rel}","templated":true}]}}