{"id":12,"date":"2024-06-24T14:05:36","date_gmt":"2024-06-24T14:05:36","guid":{"rendered":"https:\/\/quantumminilabs.de\/?page_id=12"},"modified":"2024-06-24T14:19:57","modified_gmt":"2024-06-24T14:19:57","slug":"impressum","status":"publish","type":"page","link":"https:\/\/quantumminilabs.de\/en\/impressum\/","title":{"rendered":"Imprint"},"content":{"rendered":"<p><strong>Ruhr West University of Applied Sciences<\/strong><\/p>\n\n\n\n<p>Duisburger Stra\u00dfe 100<br>45479 M\u00fclheim an der Ruhr<br>Phone: +49 (0)208 882 54 -0<br>Fax: (+49)208 882 54 -109<br>e-mail: info@hs-ruhrwest.de<\/p>\n\n\n\n<p>The Ruhr West University of Applied Sciences (HRW) is in accordance with \u00a7 2 para. 1 sentence 1 i. V. m. \u00a7 1 Absatz 2 Satz 2 Nr. 14 des Gesetzes \u00fcber die Hochschulen des Landes Nordrhein-Westfalen (HG NRW) a public corporation with legal capacity supported by the state.<\/p>\n\n\n\n<p>External representation of the university<br>Prof. Dr.-Ing. Susanne Staude, Pr\u00e4sidentin<\/p>\n\n\n\n<p>Competent supervisory authority<br>Ministry of Culture and Science of the State of North Rhine-Westphalia (MKW), V\u00f6lklinger Stra\u00dfe 49, 40221 D\u00fcsseldorf<\/p>\n\n\n\n<p>Place of jurisdiction<br>M\u00fclheim an der Ruhr<\/p>\n\n\n\n<p>Sales tax identification number according to \u00a7 27a of the sales tax law<br>USt-Id-Nr.: DE 269 193 645<br><br>Bild &#8222;Welle&#8220; auf der Startseite: geralt @ Pixaby<\/p>","protected":false},"excerpt":{"rendered":"<p>Hochschule Ruhr West Duisburger Stra\u00dfe 10045479 M\u00fclheim an der RuhrTelefon: 0208 882 54 -0Fax: 0208 882 54 -109E-Mail: info@hs-ruhrwest.de Die Hochschule Ruhr West (HRW) ist gem. \u00a7 2 Abs. 1 [&hellip;]<\/p>","protected":false},"author":2,"featured_media":0,"parent":0,"menu_order":0,"comment_status":"closed","ping_status":"closed","template":"","meta":{"footnotes":""},"folder":[],"class_list":["post-12","page","type-page","status-publish","czr-hentry"],"yoast_head":"<!-- This site is optimized with the Yoast SEO plugin v27.2 - https:\/\/yoast.com\/product\/yoast-seo-wordpress\/ -->\n<title>Impressum - Quantum MiniLabs<\/title>\n<meta name=\"robots\" content=\"index, follow, max-snippet:-1, max-image-preview:large, max-video-preview:-1\" \/>\n<link rel=\"canonical\" href=\"https:\/\/quantumminilabs.de\/en\/impressum\/\" \/>\n<meta property=\"og:locale\" content=\"en_GB\" \/>\n<meta property=\"og:type\" content=\"article\" \/>\n<meta property=\"og:title\" content=\"Impressum - Quantum MiniLabs\" \/>\n<meta property=\"og:description\" content=\"Hochschule Ruhr West Duisburger Stra\u00dfe 10045479 M\u00fclheim an der RuhrTelefon: 0208 882 54 -0Fax: 0208 882 54 -109E-Mail: info@hs-ruhrwest.de Die Hochschule Ruhr West (HRW) ist gem. \u00a7 2 Abs. 1 [&hellip;]\" \/>\n<meta property=\"og:url\" content=\"https:\/\/quantumminilabs.de\/en\/impressum\/\" \/>\n<meta property=\"og:site_name\" content=\"Quantum MiniLabs\" \/>\n<meta property=\"article:modified_time\" content=\"2024-06-24T14:19:57+00:00\" \/>\n<meta name=\"twitter:card\" content=\"summary_large_image\" \/>\n<meta name=\"twitter:label1\" content=\"Estimated reading time\" \/>\n\t<meta name=\"twitter:data1\" content=\"1 minute\" \/>\n<script type=\"application\/ld+json\" class=\"yoast-schema-graph\">{\"@context\":\"https:\/\/schema.org\",\"@graph\":[{\"@type\":\"WebPage\",\"@id\":\"https:\/\/quantumminilabs.de\/impressum\/\",\"url\":\"https:\/\/quantumminilabs.de\/impressum\/\",\"name\":\"Impressum - Quantum MiniLabs\",\"isPartOf\":{\"@id\":\"https:\/\/quantumminilabs.de\/#website\"},\"datePublished\":\"2024-06-24T14:05:36+00:00\",\"dateModified\":\"2024-06-24T14:19:57+00:00\",\"breadcrumb\":{\"@id\":\"https:\/\/quantumminilabs.de\/impressum\/#breadcrumb\"},\"inLanguage\":\"en-GB\",\"potentialAction\":[{\"@type\":\"ReadAction\",\"target\":[\"https:\/\/quantumminilabs.de\/impressum\/\"]}]},{\"@type\":\"BreadcrumbList\",\"@id\":\"https:\/\/quantumminilabs.de\/impressum\/#breadcrumb\",\"itemListElement\":[{\"@type\":\"ListItem\",\"position\":1,\"name\":\"Startseite\",\"item\":\"https:\/\/quantumminilabs.de\/\"},{\"@type\":\"ListItem\",\"position\":2,\"name\":\"Impressum\"}]},{\"@type\":\"WebSite\",\"@id\":\"https:\/\/quantumminilabs.de\/#website\",\"url\":\"https:\/\/quantumminilabs.de\/\",\"name\":\"Quantum MiniLabs\",\"description\":\"\",\"publisher\":{\"@id\":\"https:\/\/quantumminilabs.de\/#organization\"},\"potentialAction\":[{\"@type\":\"SearchAction\",\"target\":{\"@type\":\"EntryPoint\",\"urlTemplate\":\"https:\/\/quantumminilabs.de\/?s={search_term_string}\"},\"query-input\":{\"@type\":\"PropertyValueSpecification\",\"valueRequired\":true,\"valueName\":\"search_term_string\"}}],\"inLanguage\":\"en-GB\"},{\"@type\":\"Organization\",\"@id\":\"https:\/\/quantumminilabs.de\/#organization\",\"name\":\"Quantum MiniLabs\",\"url\":\"https:\/\/quantumminilabs.de\/\",\"logo\":{\"@type\":\"ImageObject\",\"inLanguage\":\"en-GB\",\"@id\":\"https:\/\/quantumminilabs.de\/#\/schema\/logo\/image\/\",\"url\":\"https:\/\/quantumminilabs.de\/wp-content\/uploads\/2025\/06\/cropped-QuantumMinilabs_Logo_F9BF1C.png\",\"contentUrl\":\"https:\/\/quantumminilabs.de\/wp-content\/uploads\/2025\/06\/cropped-QuantumMinilabs_Logo_F9BF1C.png\",\"width\":725,\"height\":214,\"caption\":\"Quantum MiniLabs\"},\"image\":{\"@id\":\"https:\/\/quantumminilabs.de\/#\/schema\/logo\/image\/\"}}]}<\/script>\n<!-- \/ Yoast SEO plugin. -->","yoast_head_json":{"title":"Impressum - Quantum MiniLabs","robots":{"index":"index","follow":"follow","max-snippet":"max-snippet:-1","max-image-preview":"max-image-preview:large","max-video-preview":"max-video-preview:-1"},"canonical":"https:\/\/quantumminilabs.de\/en\/impressum\/","og_locale":"en_GB","og_type":"article","og_title":"Impressum - Quantum MiniLabs","og_description":"Hochschule Ruhr West Duisburger Stra\u00dfe 10045479 M\u00fclheim an der RuhrTelefon: 0208 882 54 -0Fax: 0208 882 54 -109E-Mail: info@hs-ruhrwest.de Die Hochschule Ruhr West (HRW) ist gem. \u00a7 2 Abs. 1 [&hellip;]","og_url":"https:\/\/quantumminilabs.de\/en\/impressum\/","og_site_name":"Quantum MiniLabs","article_modified_time":"2024-06-24T14:19:57+00:00","twitter_card":"summary_large_image","twitter_misc":{"Estimated reading time":"1 minute"},"schema":{"@context":"https:\/\/schema.org","@graph":[{"@type":"WebPage","@id":"https:\/\/quantumminilabs.de\/impressum\/","url":"https:\/\/quantumminilabs.de\/impressum\/","name":"Impressum - Quantum MiniLabs","isPartOf":{"@id":"https:\/\/quantumminilabs.de\/#website"},"datePublished":"2024-06-24T14:05:36+00:00","dateModified":"2024-06-24T14:19:57+00:00","breadcrumb":{"@id":"https:\/\/quantumminilabs.de\/impressum\/#breadcrumb"},"inLanguage":"en-GB","potentialAction":[{"@type":"ReadAction","target":["https:\/\/quantumminilabs.de\/impressum\/"]}]},{"@type":"BreadcrumbList","@id":"https:\/\/quantumminilabs.de\/impressum\/#breadcrumb","itemListElement":[{"@type":"ListItem","position":1,"name":"Startseite","item":"https:\/\/quantumminilabs.de\/"},{"@type":"ListItem","position":2,"name":"Impressum"}]},{"@type":"WebSite","@id":"https:\/\/quantumminilabs.de\/#website","url":"https:\/\/quantumminilabs.de\/","name":"Quantum MiniLabs","description":"","publisher":{"@id":"https:\/\/quantumminilabs.de\/#organization"},"potentialAction":[{"@type":"SearchAction","target":{"@type":"EntryPoint","urlTemplate":"https:\/\/quantumminilabs.de\/?s={search_term_string}"},"query-input":{"@type":"PropertyValueSpecification","valueRequired":true,"valueName":"search_term_string"}}],"inLanguage":"en-GB"},{"@type":"Organization","@id":"https:\/\/quantumminilabs.de\/#organization","name":"Quantum MiniLabs","url":"https:\/\/quantumminilabs.de\/","logo":{"@type":"ImageObject","inLanguage":"en-GB","@id":"https:\/\/quantumminilabs.de\/#\/schema\/logo\/image\/","url":"https:\/\/quantumminilabs.de\/wp-content\/uploads\/2025\/06\/cropped-QuantumMinilabs_Logo_F9BF1C.png","contentUrl":"https:\/\/quantumminilabs.de\/wp-content\/uploads\/2025\/06\/cropped-QuantumMinilabs_Logo_F9BF1C.png","width":725,"height":214,"caption":"Quantum MiniLabs"},"image":{"@id":"https:\/\/quantumminilabs.de\/#\/schema\/logo\/image\/"}}]}},"_links":{"self":[{"href":"https:\/\/quantumminilabs.de\/en\/wp-json\/wp\/v2\/pages\/12","targetHints":{"allow":["GET"]}}],"collection":[{"href":"https:\/\/quantumminilabs.de\/en\/wp-json\/wp\/v2\/pages"}],"about":[{"href":"https:\/\/quantumminilabs.de\/en\/wp-json\/wp\/v2\/types\/page"}],"author":[{"embeddable":true,"href":"https:\/\/quantumminilabs.de\/en\/wp-json\/wp\/v2\/users\/2"}],"replies":[{"embeddable":true,"href":"https:\/\/quantumminilabs.de\/en\/wp-json\/wp\/v2\/comments?post=12"}],"version-history":[{"count":2,"href":"https:\/\/quantumminilabs.de\/en\/wp-json\/wp\/v2\/pages\/12\/revisions"}],"predecessor-version":[{"id":16,"href":"https:\/\/quantumminilabs.de\/en\/wp-json\/wp\/v2\/pages\/12\/revisions\/16"}],"wp:attachment":[{"href":"https:\/\/quantumminilabs.de\/en\/wp-json\/wp\/v2\/media?parent=12"}],"wp:term":[{"taxonomy":"folder","embeddable":true,"href":"https:\/\/quantumminilabs.de\/en\/wp-json\/wp\/v2\/folder?post=12"}],"curies":[{"name":"wp","href":"https:\/\/api.w.org\/{rel}","templated":true}]}}